{"id":364,"date":"2015-12-07T15:27:31","date_gmt":"2015-12-07T14:27:31","guid":{"rendered":"http:\/\/strategy-alliance.net\/?page_id=364"},"modified":"2026-01-29T08:22:38","modified_gmt":"2026-01-29T07:22:38","slug":"legal-notice","status":"publish","type":"page","link":"https:\/\/strategy-alliance.net\/en\/legal-notice\/","title":{"rendered":"Legal notice"},"content":{"rendered":"<div class=\"wpb-content-wrapper\"><p>[vc_row][vc_column width=&#8221;1\/2&#8243;][vc_column_text css=&#8221;&#8221;]Strategy Alliance GmbH<br \/>\nK\u00f6nigsallee 86<br \/>\nD-40212 D\u00fcsseldorf<\/p>\n<p>Responsible for the content: Strategy Alliance GmbH<\/p>\n<p>Handelsregisternummer<br \/>\nHRB 76675<br \/>\nAmtsgericht D\u00fcsseldorf<\/p>\n<p>Umsatzsteuer ID: DE307102680[\/vc_column_text][\/vc_column][vc_column width=&#8221;1\/2&#8243;][vc_single_image image=&#8221;346&#8243; img_size=&#8221;full&#8221; el_class=&#8221;img-responsive&#8221;][\/vc_column][\/vc_row][vc_row][vc_column width=&#8221;1\/2&#8243;][vc_column_text]<\/p>\n<h3><del><\/del>1. CONTENT OF THE WEBSITE<\/h3>\n<p>The author accepts no liability and does not warrant topicality, correctness, completeness or quality of the information provided. Liability claims regarding damage caused by the use of any information provided, including any kind of information which is incomplete or incorrect, will therefore be rejected.<\/p>\n<p>All offers are non-binding and without obligation. Parts of the pages or the complete publication including all offers and information might be extended, changed or partly or completely deleted by the author without separate announcement.[\/vc_column_text][\/vc_column][vc_column width=&#8221;1\/2&#8243;][vc_column_text]<\/p>\n<h3>2. REFERRALS AND LINKS<\/h3>\n<p>The author is not liable for any contents directly or indirectly linked or referred to from his pages &#8211; unless he has full knowledge of illegal contents and would be able to prevent the visitors of his site from viewing those pages. If any damage occurs by the use of information presented there, only the author of the respective pages might be liable, not the one who has linked to these pages. Furthermore the author is not liable for any postings or messages published by users of discussion boards, guest books or mailing lists provided on his page.[\/vc_column_text][\/vc_column][\/vc_row][vc_row][vc_column width=&#8221;1\/2&#8243;][vc_column_text]<\/p>\n<h3>3. COPYRIGHT<\/h3>\n<p>The author intends not to use any copyrighted material for publication or, if not possible, to acknowledge the copyright credit of the respective material.<\/p>\n<p>The copyright for any material created by the author is reserved. Any duplication or use of objects such as images, diagrams, sounds or texts in other electronic or printed publications is not permitted without the author&#8217;s agreement.[\/vc_column_text][\/vc_column][vc_column width=&#8221;1\/2&#8243;][vc_column_text]<\/p>\n<h3>4. PRIVACY POLICY<\/h3>\n<p><a href=\"https:\/\/strategy-alliance.net\/en\/data-security\/\">View full privacy policy and data security details here<\/a>[\/vc_column_text][\/vc_column][\/vc_row][vc_row][vc_column width=&#8221;1\/2&#8243;][vc_column_text]<\/p>\n<h3>5. LEGAL VALIDITY OF THIS DISCLAIMER<\/h3>\n<p>This disclaimer is part of the internet publication which you were referred from. If sections or individual terms of this statement are not legally valid or not fully valid, the content or validity of the other parts remain unaffected.[\/vc_column_text][\/vc_column][vc_column width=&#8221;1\/2&#8243;][\/vc_column][\/vc_row][vc_row][vc_column][vc_separator][vc_column_text]<\/p>\n<p style=\"text-align: right;\"><a href=\"http:\/\/strategy-alliance.net\/en\/wp-content\/uploads\/2016\/04\/AGB-SA_englisch_2016-04-08.pdf\" target=\"_blank\" rel=\"noopener\">General terms and conditions<\/a><\/p>\n<p>[\/vc_column_text][\/vc_column][\/vc_row]<\/p>\n<\/div>","protected":false},"excerpt":{"rendered":"<p>[vc_row][vc_column width=&#8221;1\/2&#8243;][vc_column_text css=&#8221;&#8221;]Strategy Alliance GmbH K\u00f6nigsallee 86 D-40212 D\u00fcsseldorf Responsible for the content: Strategy Alliance GmbH Handelsregisternummer HRB 76675 Amtsgericht D\u00fcsseldorf Umsatzsteuer ID: DE307102680[\/vc_column_text][\/vc_column][vc_column width=&#8221;1\/2&#8243;][vc_single_image image=&#8221;346&#8243; img_size=&#8221;full&#8221; el_class=&#8221;img-responsive&#8221;][\/vc_column][\/vc_row][vc_row][vc_column width=&#8221;1\/2&#8243;][vc_column_text] 1. CONTENT OF THE WEBSITE The author accepts no liability and does not warrant topicality, correctness, completeness or quality of the information provided. Liability claims regarding &hellip; <a href=\"https:\/\/strategy-alliance.net\/en\/legal-notice\/\" class=\"more-link\">Continue reading <span class=\"screen-reader-text\">Legal notice<\/span><\/a><\/p>\n","protected":false},"author":1,"featured_media":0,"parent":0,"menu_order":0,"comment_status":"closed","ping_status":"closed","template":"","meta":{"_acf_changed":false,"footnotes":""},"class_list":["post-364","page","type-page","status-publish","hentry"],"acf":[],"yoast_head":"<!-- This site is optimized with the Yoast SEO plugin v25.3 - https:\/\/yoast.com\/wordpress\/plugins\/seo\/ -->\n<title>Legal notice - Strategy Alliance<\/title>\n<meta name=\"robots\" content=\"index, follow, max-snippet:-1, max-image-preview:large, max-video-preview:-1\" \/>\n<link rel=\"canonical\" href=\"https:\/\/strategy-alliance.net\/en\/legal-notice\/\" \/>\n<meta property=\"og:locale\" content=\"en_US\" \/>\n<meta property=\"og:type\" content=\"article\" \/>\n<meta property=\"og:title\" content=\"Legal notice - Strategy Alliance\" \/>\n<meta property=\"og:description\" content=\"[vc_row][vc_column width=&#8221;1\/2&#8243;][vc_column_text css=&#8221;&#8221;]Strategy Alliance GmbH K\u00f6nigsallee 86 D-40212 D\u00fcsseldorf Responsible for the content: Strategy Alliance GmbH Handelsregisternummer HRB 76675 Amtsgericht D\u00fcsseldorf Umsatzsteuer ID: DE307102680[\/vc_column_text][\/vc_column][vc_column width=&#8221;1\/2&#8243;][vc_single_image image=&#8221;346&#8243; img_size=&#8221;full&#8221; el_class=&#8221;img-responsive&#8221;][\/vc_column][\/vc_row][vc_row][vc_column width=&#8221;1\/2&#8243;][vc_column_text] 1. CONTENT OF THE WEBSITE The author accepts no liability and does not warrant topicality, correctness, completeness or quality of the information provided. Liability claims regarding &hellip; Continue reading Legal notice\" \/>\n<meta property=\"og:url\" content=\"https:\/\/strategy-alliance.net\/en\/legal-notice\/\" \/>\n<meta property=\"og:site_name\" content=\"Strategy Alliance\" \/>\n<meta property=\"article:modified_time\" content=\"2026-01-29T07:22:38+00:00\" \/>\n<meta name=\"twitter:card\" content=\"summary_large_image\" \/>\n<meta name=\"twitter:label1\" content=\"Est. reading time\" \/>\n\t<meta name=\"twitter:data1\" content=\"2 minutes\" \/>\n<script type=\"application\/ld+json\" class=\"yoast-schema-graph\">{\"@context\":\"https:\/\/schema.org\",\"@graph\":[{\"@type\":\"WebPage\",\"@id\":\"https:\/\/strategy-alliance.net\/en\/legal-notice\/\",\"url\":\"https:\/\/strategy-alliance.net\/en\/legal-notice\/\",\"name\":\"Legal notice - Strategy Alliance\",\"isPartOf\":{\"@id\":\"https:\/\/strategy-alliance.net\/en\/#website\"},\"datePublished\":\"2015-12-07T14:27:31+00:00\",\"dateModified\":\"2026-01-29T07:22:38+00:00\",\"breadcrumb\":{\"@id\":\"https:\/\/strategy-alliance.net\/en\/legal-notice\/#breadcrumb\"},\"inLanguage\":\"en-US\",\"potentialAction\":[{\"@type\":\"ReadAction\",\"target\":[\"https:\/\/strategy-alliance.net\/en\/legal-notice\/\"]}]},{\"@type\":\"BreadcrumbList\",\"@id\":\"https:\/\/strategy-alliance.net\/en\/legal-notice\/#breadcrumb\",\"itemListElement\":[{\"@type\":\"ListItem\",\"position\":1,\"name\":\"Home\",\"item\":\"https:\/\/strategy-alliance.net\/en\/\"},{\"@type\":\"ListItem\",\"position\":2,\"name\":\"Legal notice\"}]},{\"@type\":\"WebSite\",\"@id\":\"https:\/\/strategy-alliance.net\/en\/#website\",\"url\":\"https:\/\/strategy-alliance.net\/en\/\",\"name\":\"Strategy Alliance\",\"description\":\"\",\"potentialAction\":[{\"@type\":\"SearchAction\",\"target\":{\"@type\":\"EntryPoint\",\"urlTemplate\":\"https:\/\/strategy-alliance.net\/en\/?s={search_term_string}\"},\"query-input\":{\"@type\":\"PropertyValueSpecification\",\"valueRequired\":true,\"valueName\":\"search_term_string\"}}],\"inLanguage\":\"en-US\"}]}<\/script>\n<!-- \/ Yoast SEO plugin. -->","yoast_head_json":{"title":"Legal notice - Strategy Alliance","robots":{"index":"index","follow":"follow","max-snippet":"max-snippet:-1","max-image-preview":"max-image-preview:large","max-video-preview":"max-video-preview:-1"},"canonical":"https:\/\/strategy-alliance.net\/en\/legal-notice\/","og_locale":"en_US","og_type":"article","og_title":"Legal notice - Strategy Alliance","og_description":"[vc_row][vc_column width=&#8221;1\/2&#8243;][vc_column_text css=&#8221;&#8221;]Strategy Alliance GmbH K\u00f6nigsallee 86 D-40212 D\u00fcsseldorf Responsible for the content: Strategy Alliance GmbH Handelsregisternummer HRB 76675 Amtsgericht D\u00fcsseldorf Umsatzsteuer ID: DE307102680[\/vc_column_text][\/vc_column][vc_column width=&#8221;1\/2&#8243;][vc_single_image image=&#8221;346&#8243; img_size=&#8221;full&#8221; el_class=&#8221;img-responsive&#8221;][\/vc_column][\/vc_row][vc_row][vc_column width=&#8221;1\/2&#8243;][vc_column_text] 1. CONTENT OF THE WEBSITE The author accepts no liability and does not warrant topicality, correctness, completeness or quality of the information provided. Liability claims regarding &hellip; Continue reading Legal notice","og_url":"https:\/\/strategy-alliance.net\/en\/legal-notice\/","og_site_name":"Strategy Alliance","article_modified_time":"2026-01-29T07:22:38+00:00","twitter_card":"summary_large_image","twitter_misc":{"Est. reading time":"2 minutes"},"schema":{"@context":"https:\/\/schema.org","@graph":[{"@type":"WebPage","@id":"https:\/\/strategy-alliance.net\/en\/legal-notice\/","url":"https:\/\/strategy-alliance.net\/en\/legal-notice\/","name":"Legal notice - Strategy Alliance","isPartOf":{"@id":"https:\/\/strategy-alliance.net\/en\/#website"},"datePublished":"2015-12-07T14:27:31+00:00","dateModified":"2026-01-29T07:22:38+00:00","breadcrumb":{"@id":"https:\/\/strategy-alliance.net\/en\/legal-notice\/#breadcrumb"},"inLanguage":"en-US","potentialAction":[{"@type":"ReadAction","target":["https:\/\/strategy-alliance.net\/en\/legal-notice\/"]}]},{"@type":"BreadcrumbList","@id":"https:\/\/strategy-alliance.net\/en\/legal-notice\/#breadcrumb","itemListElement":[{"@type":"ListItem","position":1,"name":"Home","item":"https:\/\/strategy-alliance.net\/en\/"},{"@type":"ListItem","position":2,"name":"Legal notice"}]},{"@type":"WebSite","@id":"https:\/\/strategy-alliance.net\/en\/#website","url":"https:\/\/strategy-alliance.net\/en\/","name":"Strategy Alliance","description":"","potentialAction":[{"@type":"SearchAction","target":{"@type":"EntryPoint","urlTemplate":"https:\/\/strategy-alliance.net\/en\/?s={search_term_string}"},"query-input":{"@type":"PropertyValueSpecification","valueRequired":true,"valueName":"search_term_string"}}],"inLanguage":"en-US"}]}},"_links":{"self":[{"href":"https:\/\/strategy-alliance.net\/en\/wp-json\/wp\/v2\/pages\/364","targetHints":{"allow":["GET"]}}],"collection":[{"href":"https:\/\/strategy-alliance.net\/en\/wp-json\/wp\/v2\/pages"}],"about":[{"href":"https:\/\/strategy-alliance.net\/en\/wp-json\/wp\/v2\/types\/page"}],"author":[{"embeddable":true,"href":"https:\/\/strategy-alliance.net\/en\/wp-json\/wp\/v2\/users\/1"}],"replies":[{"embeddable":true,"href":"https:\/\/strategy-alliance.net\/en\/wp-json\/wp\/v2\/comments?post=364"}],"version-history":[{"count":6,"href":"https:\/\/strategy-alliance.net\/en\/wp-json\/wp\/v2\/pages\/364\/revisions"}],"predecessor-version":[{"id":1262,"href":"https:\/\/strategy-alliance.net\/en\/wp-json\/wp\/v2\/pages\/364\/revisions\/1262"}],"wp:attachment":[{"href":"https:\/\/strategy-alliance.net\/en\/wp-json\/wp\/v2\/media?parent=364"}],"curies":[{"name":"wp","href":"https:\/\/api.w.org\/{rel}","templated":true}]}}